{"id":213,"date":"2020-06-16T14:16:09","date_gmt":"2020-06-16T13:16:09","guid":{"rendered":"http:\/\/www.toursensations.com\/?page_id=213"},"modified":"2020-06-16T14:16:10","modified_gmt":"2020-06-16T13:16:10","slug":"viajar-por-espana","status":"publish","type":"page","link":"https:\/\/www.toursensations.com\/es\/","title":{"rendered":"Viajar por Espa\u00f1a"},"content":{"rendered":"\n<p class=\"has-text-align-center\">Espa\u00f1a tiene cultura, historia, naturaleza y una gastronom\u00eda fant\u00e1stica&#8230; Hay muchas cosas que hacer en Espa\u00f1a, pero sobre todo Espa\u00f1a es un lugar de Sensaciones. Prep\u00e1rese para disfrutar no solo de un destino, sino del sabor mediterraneo, de una cultura vibrante y de los colores de unos paisajes soleados.<\/p>\n\n\n\n<div class=\"wp-block-columns is-layout-flex wp-container-core-columns-is-layout-1 wp-block-columns-is-layout-flex\">\n<div class=\"wp-block-column is-layout-flow wp-block-column-is-layout-flow\"><\/div>\n\n\n\n<div class=\"wp-block-column is-layout-flow wp-block-column-is-layout-flow\"><\/div>\n<\/div>\n\n\n\n<div class=\"wp-block-columns is-layout-flex wp-container-core-columns-is-layout-2 wp-block-columns-is-layout-flex\">\n<div class=\"wp-block-column is-layout-flow wp-block-column-is-layout-flow\"><\/div>\n\n\n\n<div class=\"wp-block-column is-layout-flow wp-block-column-is-layout-flow\"><\/div>\n\n\n\n<div class=\"wp-block-column is-layout-flow wp-block-column-is-layout-flow\"><\/div>\n<\/div>\n\n\n\n<p class=\"has-text-align-center\"><em>Si, organice su viaje a Espa\u00f1a, pero sobre todo, \u00a1prep\u00e1rese para sentir sus sensaciones!<\/em><\/p>\n\n\n\n<h2 class=\"wp-block-heading\">Elija su itinerario y disfrute de un tour privado<\/h2>\n\n\n\n<p>Hay muchas posibilidades de tours, itinerarios y experiencias que puede disfrutar. Organizar un viaje siempre es fascinante, pero algunas veces toda la informaci\u00f3n puede llegar a saturar, cont\u00e1ctenos y le ayudaremos!<\/p>\n","protected":false},"excerpt":{"rendered":"<p>Espa\u00f1a tiene cultura, historia, naturaleza y una gastronom\u00eda fant\u00e1stica&#8230; Hay muchas cosas que hacer en Espa\u00f1a, pero sobre todo Espa\u00f1a es un lugar de Sensaciones. Prep\u00e1rese para disfrutar no solo de un destino, sino del sabor mediterraneo, de una cultura vibrante y de los colores de unos paisajes soleados. Si, [&hellip;]<\/p>\n","protected":false},"author":1,"featured_media":0,"parent":0,"menu_order":0,"comment_status":"closed","ping_status":"closed","template":"","meta":{"footnotes":""},"yoast_head":"<!-- This site is optimized with the Yoast SEO plugin v22.4 - https:\/\/yoast.com\/wordpress\/plugins\/seo\/ -->\n<title>Viajar por Espa\u00f1a - Tour Sensations Spain<\/title>\n<meta name=\"robots\" content=\"index, follow, max-snippet:-1, max-image-preview:large, max-video-preview:-1\" \/>\n<link rel=\"canonical\" href=\"https:\/\/www.toursensations.com\/viajar-por-espana\/\" \/>\n<meta property=\"og:locale\" content=\"es_ES\" \/>\n<meta property=\"og:type\" content=\"article\" \/>\n<meta property=\"og:title\" content=\"Viajar por Espa\u00f1a - Tour Sensations Spain\" \/>\n<meta property=\"og:description\" content=\"Espa\u00f1a tiene cultura, historia, naturaleza y una gastronom\u00eda fant\u00e1stica&#8230; Hay muchas cosas que hacer en Espa\u00f1a, pero sobre todo Espa\u00f1a es un lugar de Sensaciones. Prep\u00e1rese para disfrutar no solo de un destino, sino del sabor mediterraneo, de una cultura vibrante y de los colores de unos paisajes soleados. Si, [&hellip;]\" \/>\n<meta property=\"og:url\" content=\"https:\/\/www.toursensations.com\/viajar-por-espana\/\" \/>\n<meta property=\"og:site_name\" content=\"Tour Sensations Spain\" \/>\n<meta property=\"article:modified_time\" content=\"2020-06-16T13:16:10+00:00\" \/>\n<meta name=\"twitter:label1\" content=\"Tiempo de lectura\" \/>\n\t<meta name=\"twitter:data1\" content=\"1 minuto\" \/>\n<script type=\"application\/ld+json\" class=\"yoast-schema-graph\">{\"@context\":\"https:\/\/schema.org\",\"@graph\":[{\"@type\":\"WebPage\",\"@id\":\"https:\/\/www.toursensations.com\/viajar-por-espana\/\",\"url\":\"https:\/\/www.toursensations.com\/viajar-por-espana\/\",\"name\":\"Viajar por Espa\u00f1a - Tour Sensations Spain\",\"isPartOf\":{\"@id\":\"https:\/\/www.toursensations.com\/#website\"},\"datePublished\":\"2020-06-16T13:16:09+00:00\",\"dateModified\":\"2020-06-16T13:16:10+00:00\",\"breadcrumb\":{\"@id\":\"https:\/\/www.toursensations.com\/viajar-por-espana\/#breadcrumb\"},\"inLanguage\":\"es\",\"potentialAction\":[{\"@type\":\"ReadAction\",\"target\":[\"https:\/\/www.toursensations.com\/viajar-por-espana\/\"]}]},{\"@type\":\"BreadcrumbList\",\"@id\":\"https:\/\/www.toursensations.com\/viajar-por-espana\/#breadcrumb\",\"itemListElement\":[{\"@type\":\"ListItem\",\"position\":1,\"name\":\"Home\",\"item\":\"https:\/\/www.toursensations.com\/viajar-por-espana\/\"},{\"@type\":\"ListItem\",\"position\":2,\"name\":\"Viajar por Espa\u00f1a\"}]},{\"@type\":\"WebSite\",\"@id\":\"https:\/\/www.toursensations.com\/#website\",\"url\":\"https:\/\/www.toursensations.com\/\",\"name\":\"Tour Sensations Spain\",\"description\":\"Your Travel to Spain!\",\"potentialAction\":[{\"@type\":\"SearchAction\",\"target\":{\"@type\":\"EntryPoint\",\"urlTemplate\":\"https:\/\/www.toursensations.com\/?s={search_term_string}\"},\"query-input\":\"required name=search_term_string\"}],\"inLanguage\":\"es\"}]}<\/script>\n<!-- \/ Yoast SEO plugin. -->","yoast_head_json":{"title":"Viajar por Espa\u00f1a - Tour Sensations Spain","robots":{"index":"index","follow":"follow","max-snippet":"max-snippet:-1","max-image-preview":"max-image-preview:large","max-video-preview":"max-video-preview:-1"},"canonical":"https:\/\/www.toursensations.com\/viajar-por-espana\/","og_locale":"es_ES","og_type":"article","og_title":"Viajar por Espa\u00f1a - Tour Sensations Spain","og_description":"Espa\u00f1a tiene cultura, historia, naturaleza y una gastronom\u00eda fant\u00e1stica&#8230; Hay muchas cosas que hacer en Espa\u00f1a, pero sobre todo Espa\u00f1a es un lugar de Sensaciones. Prep\u00e1rese para disfrutar no solo de un destino, sino del sabor mediterraneo, de una cultura vibrante y de los colores de unos paisajes soleados. Si, [&hellip;]","og_url":"https:\/\/www.toursensations.com\/viajar-por-espana\/","og_site_name":"Tour Sensations Spain","article_modified_time":"2020-06-16T13:16:10+00:00","twitter_misc":{"Tiempo de lectura":"1 minuto"},"schema":{"@context":"https:\/\/schema.org","@graph":[{"@type":"WebPage","@id":"https:\/\/www.toursensations.com\/viajar-por-espana\/","url":"https:\/\/www.toursensations.com\/viajar-por-espana\/","name":"Viajar por Espa\u00f1a - Tour Sensations Spain","isPartOf":{"@id":"https:\/\/www.toursensations.com\/#website"},"datePublished":"2020-06-16T13:16:09+00:00","dateModified":"2020-06-16T13:16:10+00:00","breadcrumb":{"@id":"https:\/\/www.toursensations.com\/viajar-por-espana\/#breadcrumb"},"inLanguage":"es","potentialAction":[{"@type":"ReadAction","target":["https:\/\/www.toursensations.com\/viajar-por-espana\/"]}]},{"@type":"BreadcrumbList","@id":"https:\/\/www.toursensations.com\/viajar-por-espana\/#breadcrumb","itemListElement":[{"@type":"ListItem","position":1,"name":"Home","item":"https:\/\/www.toursensations.com\/viajar-por-espana\/"},{"@type":"ListItem","position":2,"name":"Viajar por Espa\u00f1a"}]},{"@type":"WebSite","@id":"https:\/\/www.toursensations.com\/#website","url":"https:\/\/www.toursensations.com\/","name":"Tour Sensations Spain","description":"Your Travel to Spain!","potentialAction":[{"@type":"SearchAction","target":{"@type":"EntryPoint","urlTemplate":"https:\/\/www.toursensations.com\/?s={search_term_string}"},"query-input":"required name=search_term_string"}],"inLanguage":"es"}]}},"_links":{"self":[{"href":"https:\/\/www.toursensations.com\/es\/wp-json\/wp\/v2\/pages\/213"}],"collection":[{"href":"https:\/\/www.toursensations.com\/es\/wp-json\/wp\/v2\/pages"}],"about":[{"href":"https:\/\/www.toursensations.com\/es\/wp-json\/wp\/v2\/types\/page"}],"author":[{"embeddable":true,"href":"https:\/\/www.toursensations.com\/es\/wp-json\/wp\/v2\/users\/1"}],"replies":[{"embeddable":true,"href":"https:\/\/www.toursensations.com\/es\/wp-json\/wp\/v2\/comments?post=213"}],"version-history":[{"count":0,"href":"https:\/\/www.toursensations.com\/es\/wp-json\/wp\/v2\/pages\/213\/revisions"}],"wp:attachment":[{"href":"https:\/\/www.toursensations.com\/es\/wp-json\/wp\/v2\/media?parent=213"}],"curies":[{"name":"wp","href":"https:\/\/api.w.org\/{rel}","templated":true}]}}