{"id":205,"date":"2020-05-23T13:58:37","date_gmt":"2020-05-23T12:58:37","guid":{"rendered":"http:\/\/www.toursensations.com\/?page_id=205"},"modified":"2020-05-23T13:58:40","modified_gmt":"2020-05-23T12:58:40","slug":"sobre-nosotros","status":"publish","type":"page","link":"https:\/\/www.toursensations.com\/es\/sobre-nosotros\/","title":{"rendered":"Sobre Nosotros"},"content":{"rendered":"<p><a href=\"https:\/\/toursensations.com\/wp-content\/uploads\/2016\/06\/Tour-guide-from-Spain.jpg\" rel=\"attachment wp-att-134\"><img loading=\"lazy\" decoding=\"async\" class=\"aligncenter wp-image-134 size-full\" src=\"https:\/\/toursensations.com\/wp-content\/uploads\/2016\/06\/Tour-guide-from-Spain.jpg\" alt=\"Gu\u00eda de turismo sentada frente a la costa\" width=\"900\" height=\"562\" title=\"Gu\u00eda de Turismo en Espa\u00f1a\" srcset=\"https:\/\/www.toursensations.com\/wp-content\/uploads\/2016\/06\/Tour-guide-from-Spain.jpg 900w, https:\/\/www.toursensations.com\/wp-content\/uploads\/2016\/06\/Tour-guide-from-Spain-300x187.jpg 300w, https:\/\/www.toursensations.com\/wp-content\/uploads\/2016\/06\/Tour-guide-from-Spain-768x480.jpg 768w, https:\/\/www.toursensations.com\/wp-content\/uploads\/2016\/06\/Tour-guide-from-Spain-150x94.jpg 150w\" sizes=\"(max-width: 900px) 100vw, 900px\" \/><\/a><\/p>\n\n\n<h2 class=\"wp-block-heading\">\u00a1Hola! \u00a1Soy Gu\u00eda de Turismo!<\/h2>\n\n\n\n<p>Mi nombre es Esther y soy Gu\u00eda Oficial de Turismo en Madrid desde 2012<\/p>\n\n\n\n<p>Adem\u00e1s soy una apasionada viajera, de modo que adem\u00e1s de mi negocio en Madrid <strong>he creado este blog sobre Espa\u00f1a<\/strong>, en el cual quiero ense\u00f1ar al mundo mi precioso pa\u00eds.<\/p>\n\n\n\n<h2 class=\"wp-block-heading\">Las cosas que amo<\/h2>\n\n\n\n<p>Este blog es sobre viajar en Espa\u00f1a, y aqu\u00ed he hecho una compilaci\u00f3n de las muchas cosas que me apasionan. Adem\u00e1s de viajar, tengo otras aficiones, que he conseguido juntar:<\/p>\n\n\n\n<ul><li>Historia y arte<\/li><li>Deportes de naturaleza y aventura, como esquiar, el senderismo, el descenso de barrancos&#8230;<\/li><li>Gastronom\u00eda: para mi es una parte important\u00edsima para conocer las culturas del mundo, adem\u00e1s me gusta cocinar y comer!<\/li><\/ul>\n\n\n\n<p>Y por supuesto, amo a mi familia y amigos. Hace a\u00f1os me encantaba viajar sola, ahora disfruto viajando con mi marido y mi hija.<\/p>\n","protected":false},"excerpt":{"rendered":"<p>\u00a1Hola! \u00a1Soy Gu\u00eda de Turismo! Mi nombre es Esther y soy Gu\u00eda Oficial de Turismo en Madrid desde 2012 Adem\u00e1s soy una apasionada viajera, de modo que adem\u00e1s de mi negocio en Madrid he creado este blog sobre Espa\u00f1a, en el cual quiero ense\u00f1ar al mundo mi precioso pa\u00eds. Las [&hellip;]<\/p>\n","protected":false},"author":1,"featured_media":208,"parent":0,"menu_order":0,"comment_status":"closed","ping_status":"closed","template":"","meta":{"footnotes":""},"yoast_head":"<!-- This site is optimized with the Yoast SEO plugin v22.4 - https:\/\/yoast.com\/wordpress\/plugins\/seo\/ -->\n<title>Sobre Nosotros - Tour Sensations Spain<\/title>\n<meta name=\"robots\" content=\"index, follow, max-snippet:-1, max-image-preview:large, max-video-preview:-1\" \/>\n<link rel=\"canonical\" href=\"https:\/\/www.toursensations.com\/sobre-nosotros\/\" \/>\n<meta property=\"og:locale\" content=\"es_ES\" \/>\n<meta property=\"og:type\" content=\"article\" \/>\n<meta property=\"og:title\" content=\"Sobre Nosotros - Tour Sensations Spain\" \/>\n<meta property=\"og:description\" content=\"\u00a1Hola! \u00a1Soy Gu\u00eda de Turismo! Mi nombre es Esther y soy Gu\u00eda Oficial de Turismo en Madrid desde 2012 Adem\u00e1s soy una apasionada viajera, de modo que adem\u00e1s de mi negocio en Madrid he creado este blog sobre Espa\u00f1a, en el cual quiero ense\u00f1ar al mundo mi precioso pa\u00eds. Las [&hellip;]\" \/>\n<meta property=\"og:url\" content=\"https:\/\/www.toursensations.com\/sobre-nosotros\/\" \/>\n<meta property=\"og:site_name\" content=\"Tour Sensations Spain\" \/>\n<meta property=\"article:modified_time\" content=\"2020-05-23T12:58:40+00:00\" \/>\n<meta property=\"og:image\" content=\"https:\/\/www.toursensations.com\/wp-content\/uploads\/2016\/06\/Tour-guide-from-Spain.jpg\" \/>\n\t<meta property=\"og:image:width\" content=\"900\" \/>\n\t<meta property=\"og:image:height\" content=\"562\" \/>\n\t<meta property=\"og:image:type\" content=\"image\/jpeg\" \/>\n<meta name=\"twitter:label1\" content=\"Tiempo de lectura\" \/>\n\t<meta name=\"twitter:data1\" content=\"1 minuto\" \/>\n<script type=\"application\/ld+json\" class=\"yoast-schema-graph\">{\"@context\":\"https:\/\/schema.org\",\"@graph\":[{\"@type\":\"WebPage\",\"@id\":\"https:\/\/www.toursensations.com\/sobre-nosotros\/\",\"url\":\"https:\/\/www.toursensations.com\/sobre-nosotros\/\",\"name\":\"Sobre Nosotros - Tour Sensations Spain\",\"isPartOf\":{\"@id\":\"https:\/\/www.toursensations.com\/#website\"},\"primaryImageOfPage\":{\"@id\":\"https:\/\/www.toursensations.com\/sobre-nosotros\/#primaryimage\"},\"image\":{\"@id\":\"https:\/\/www.toursensations.com\/sobre-nosotros\/#primaryimage\"},\"thumbnailUrl\":\"https:\/\/www.toursensations.com\/wp-content\/uploads\/2016\/06\/Tour-guide-from-Spain.jpg\",\"datePublished\":\"2020-05-23T12:58:37+00:00\",\"dateModified\":\"2020-05-23T12:58:40+00:00\",\"breadcrumb\":{\"@id\":\"https:\/\/www.toursensations.com\/sobre-nosotros\/#breadcrumb\"},\"inLanguage\":\"es\",\"potentialAction\":[{\"@type\":\"ReadAction\",\"target\":[\"https:\/\/www.toursensations.com\/sobre-nosotros\/\"]}]},{\"@type\":\"ImageObject\",\"inLanguage\":\"es\",\"@id\":\"https:\/\/www.toursensations.com\/sobre-nosotros\/#primaryimage\",\"url\":\"https:\/\/www.toursensations.com\/wp-content\/uploads\/2016\/06\/Tour-guide-from-Spain.jpg\",\"contentUrl\":\"https:\/\/www.toursensations.com\/wp-content\/uploads\/2016\/06\/Tour-guide-from-Spain.jpg\",\"width\":900,\"height\":562},{\"@type\":\"BreadcrumbList\",\"@id\":\"https:\/\/www.toursensations.com\/sobre-nosotros\/#breadcrumb\",\"itemListElement\":[{\"@type\":\"ListItem\",\"position\":1,\"name\":\"Home\",\"item\":\"https:\/\/www.toursensations.com\/viajar-por-espana\/\"},{\"@type\":\"ListItem\",\"position\":2,\"name\":\"Sobre Nosotros\"}]},{\"@type\":\"WebSite\",\"@id\":\"https:\/\/www.toursensations.com\/#website\",\"url\":\"https:\/\/www.toursensations.com\/\",\"name\":\"Tour Sensations Spain\",\"description\":\"Your Travel to Spain!\",\"potentialAction\":[{\"@type\":\"SearchAction\",\"target\":{\"@type\":\"EntryPoint\",\"urlTemplate\":\"https:\/\/www.toursensations.com\/?s={search_term_string}\"},\"query-input\":\"required name=search_term_string\"}],\"inLanguage\":\"es\"}]}<\/script>\n<!-- \/ Yoast SEO plugin. -->","yoast_head_json":{"title":"Sobre Nosotros - Tour Sensations Spain","robots":{"index":"index","follow":"follow","max-snippet":"max-snippet:-1","max-image-preview":"max-image-preview:large","max-video-preview":"max-video-preview:-1"},"canonical":"https:\/\/www.toursensations.com\/sobre-nosotros\/","og_locale":"es_ES","og_type":"article","og_title":"Sobre Nosotros - Tour Sensations Spain","og_description":"\u00a1Hola! \u00a1Soy Gu\u00eda de Turismo! Mi nombre es Esther y soy Gu\u00eda Oficial de Turismo en Madrid desde 2012 Adem\u00e1s soy una apasionada viajera, de modo que adem\u00e1s de mi negocio en Madrid he creado este blog sobre Espa\u00f1a, en el cual quiero ense\u00f1ar al mundo mi precioso pa\u00eds. Las [&hellip;]","og_url":"https:\/\/www.toursensations.com\/sobre-nosotros\/","og_site_name":"Tour Sensations Spain","article_modified_time":"2020-05-23T12:58:40+00:00","og_image":[{"width":900,"height":562,"url":"https:\/\/www.toursensations.com\/wp-content\/uploads\/2016\/06\/Tour-guide-from-Spain.jpg","type":"image\/jpeg"}],"twitter_misc":{"Tiempo de lectura":"1 minuto"},"schema":{"@context":"https:\/\/schema.org","@graph":[{"@type":"WebPage","@id":"https:\/\/www.toursensations.com\/sobre-nosotros\/","url":"https:\/\/www.toursensations.com\/sobre-nosotros\/","name":"Sobre Nosotros - Tour Sensations Spain","isPartOf":{"@id":"https:\/\/www.toursensations.com\/#website"},"primaryImageOfPage":{"@id":"https:\/\/www.toursensations.com\/sobre-nosotros\/#primaryimage"},"image":{"@id":"https:\/\/www.toursensations.com\/sobre-nosotros\/#primaryimage"},"thumbnailUrl":"https:\/\/www.toursensations.com\/wp-content\/uploads\/2016\/06\/Tour-guide-from-Spain.jpg","datePublished":"2020-05-23T12:58:37+00:00","dateModified":"2020-05-23T12:58:40+00:00","breadcrumb":{"@id":"https:\/\/www.toursensations.com\/sobre-nosotros\/#breadcrumb"},"inLanguage":"es","potentialAction":[{"@type":"ReadAction","target":["https:\/\/www.toursensations.com\/sobre-nosotros\/"]}]},{"@type":"ImageObject","inLanguage":"es","@id":"https:\/\/www.toursensations.com\/sobre-nosotros\/#primaryimage","url":"https:\/\/www.toursensations.com\/wp-content\/uploads\/2016\/06\/Tour-guide-from-Spain.jpg","contentUrl":"https:\/\/www.toursensations.com\/wp-content\/uploads\/2016\/06\/Tour-guide-from-Spain.jpg","width":900,"height":562},{"@type":"BreadcrumbList","@id":"https:\/\/www.toursensations.com\/sobre-nosotros\/#breadcrumb","itemListElement":[{"@type":"ListItem","position":1,"name":"Home","item":"https:\/\/www.toursensations.com\/viajar-por-espana\/"},{"@type":"ListItem","position":2,"name":"Sobre Nosotros"}]},{"@type":"WebSite","@id":"https:\/\/www.toursensations.com\/#website","url":"https:\/\/www.toursensations.com\/","name":"Tour Sensations Spain","description":"Your Travel to Spain!","potentialAction":[{"@type":"SearchAction","target":{"@type":"EntryPoint","urlTemplate":"https:\/\/www.toursensations.com\/?s={search_term_string}"},"query-input":"required name=search_term_string"}],"inLanguage":"es"}]}},"_links":{"self":[{"href":"https:\/\/www.toursensations.com\/es\/wp-json\/wp\/v2\/pages\/205"}],"collection":[{"href":"https:\/\/www.toursensations.com\/es\/wp-json\/wp\/v2\/pages"}],"about":[{"href":"https:\/\/www.toursensations.com\/es\/wp-json\/wp\/v2\/types\/page"}],"author":[{"embeddable":true,"href":"https:\/\/www.toursensations.com\/es\/wp-json\/wp\/v2\/users\/1"}],"replies":[{"embeddable":true,"href":"https:\/\/www.toursensations.com\/es\/wp-json\/wp\/v2\/comments?post=205"}],"version-history":[{"count":0,"href":"https:\/\/www.toursensations.com\/es\/wp-json\/wp\/v2\/pages\/205\/revisions"}],"wp:featuredmedia":[{"embeddable":true,"href":"https:\/\/www.toursensations.com\/es\/wp-json\/wp\/v2\/media\/208"}],"wp:attachment":[{"href":"https:\/\/www.toursensations.com\/es\/wp-json\/wp\/v2\/media?parent=205"}],"curies":[{"name":"wp","href":"https:\/\/api.w.org\/{rel}","templated":true}]}}